{"id":130,"date":"2013-08-07T11:41:11","date_gmt":"2013-08-07T11:41:11","guid":{"rendered":"http:\/\/elizabethwold.net\/ewwp\/?page_id=130"},"modified":"2025-11-23T16:03:13","modified_gmt":"2025-11-23T16:03:13","slug":"yin-yoga","status":"publish","type":"page","link":"http:\/\/elizabethwold.net\/ewwp\/yin-yoga\/","title":{"rendered":"Yin Yoga"},"content":{"rendered":"<p style=\"text-align: center;\" align=\"center\"><span style=\"color: #ff0000;\">Naturen er avhengig av balanse mellom\u00a0motsatte\u00a0fenomener som: <\/span><span style=\"color: #ff0000;\">det aktive og det passive &#8211; dag og natt &#8211; lys og m\u00f8rke &#8211; varmt og kaldt &#8211;\u00a0\u00a0Yang og Yin. &#8211; <\/span><span style=\"color: #ff0000;\">Vi mennesker er\u00a0 del av naturen &#8211; med behov for nettopp \u00e5 balansere\u00a0 disse ulike aspektene i livet v\u00e5rt. <\/span><\/p>\n<p style=\"text-align: center;\" align=\"center\"><strong><span style=\"color: #ff0000;\">I Yin Yoga klassene kultiverer vi det<\/span><span style=\"color: #ff0000;\"> reseptive\u00a0 \/ hvilende\u00a0 \/meditative aspektet i oss med inspirasjon fra Hatha Yogaens prinsipper og Taoistisk visdom .\u00a0<\/span><\/strong><\/p>\n<p style=\"text-align: left;\" align=\"center\">V\u00e5r kultur har mye fokus p\u00e5 menneskets utadg\u00e5ende handlende aktive Yang aspekt .\u00a0 Vi\u00a0 knytter lett v\u00e5r identitet til v\u00e5r gj\u00f8ren: hva vi har gjort &#8211; og skal gj\u00f8re. Verdien av \u00e5 hvile inn i nuet &#8211; Yin aspektet i oss, f\u00e5r ofte lite plass i hverdagen v\u00e5r. &#8211; Med \u00e5\u00a0 bevisstgj\u00f8re Yin aspektet i oss, kan vi kanskje lettere skjelne mellom hva som er vesentlig og uvesentlig av v\u00e5r gj\u00f8ren i hverdagen?<\/p>\n<p style=\"text-align: left;\" align=\"center\"><strong>For \u00e5 skape st\u00f8rre balanse i v\u00e5rt mentale &#8211;\u00a0 og i energisystemet v\u00e5rt, tilbyr Elizabeth\u00a0 Yin Yoga seanser.<\/strong><\/p>\n<p style=\"text-align: left;\" align=\"center\">Her\u00a0 ligger eller sitter vi p\u00e5 yogamatten i\u00a0 spesifikke stillinger (asana&#8217;er) i noen minutter .\u00a0 Vi\u00a0 benytter oss av bolster \/ blokker \/ puter, som st\u00f8tte &#8211; og for opplevelse av velbehag.<\/p>\n<p style=\"text-align: left;\" align=\"center\">Med fokus p\u00e5 pusten, synker vi stadig dypere inn i\u00a0 stillingene &#8211; og opplever ulike niv\u00e5er av fordypende strekk og avspenning i kroppen\u00a0 og i sinnet.<\/p>\n<h3>\u00a0<\/h3>\n<h3 style=\"text-align: center;\">Yin Yoga klasse for 2 &#8211; 3 deltakere kan avtales\u00a0<\/h3>\n<h5>\u00a0<\/h5>\n<h4 style=\"text-align: center;\">\u00a0<\/h4>\n\n\n<p><\/p>\n","protected":false},"excerpt":{"rendered":"<p>Naturen er avhengig av balanse mellom\u00a0motsatte\u00a0fenomener som: det aktive og det passive &#8211; dag og natt &#8211; lys og m\u00f8rke &#8211; varmt og kaldt &#8211;\u00a0\u00a0Yang og Yin. &#8211; Vi mennesker er\u00a0 del av naturen &#8211; med behov for nettopp \u00e5 balansere\u00a0 disse ulike aspektene i livet v\u00e5rt. I Yin Yoga klassene kultiverer vi det reseptive\u00a0 &hellip; <a href=\"http:\/\/elizabethwold.net\/ewwp\/yin-yoga\/\" class=\"more-link\">Fortsett \u00e5 lese <span class=\"screen-reader-text\">Yin Yoga<\/span> <span class=\"meta-nav\">&rarr;<\/span><\/a><\/p>\n","protected":false},"author":1,"featured_media":0,"parent":0,"menu_order":0,"comment_status":"closed","ping_status":"closed","template":"","meta":{"footnotes":""},"class_list":["post-130","page","type-page","status-publish","hentry"],"_links":{"self":[{"href":"http:\/\/elizabethwold.net\/ewwp\/wp-json\/wp\/v2\/pages\/130","targetHints":{"allow":["GET"]}}],"collection":[{"href":"http:\/\/elizabethwold.net\/ewwp\/wp-json\/wp\/v2\/pages"}],"about":[{"href":"http:\/\/elizabethwold.net\/ewwp\/wp-json\/wp\/v2\/types\/page"}],"author":[{"embeddable":true,"href":"http:\/\/elizabethwold.net\/ewwp\/wp-json\/wp\/v2\/users\/1"}],"replies":[{"embeddable":true,"href":"http:\/\/elizabethwold.net\/ewwp\/wp-json\/wp\/v2\/comments?post=130"}],"version-history":[{"count":283,"href":"http:\/\/elizabethwold.net\/ewwp\/wp-json\/wp\/v2\/pages\/130\/revisions"}],"predecessor-version":[{"id":2746,"href":"http:\/\/elizabethwold.net\/ewwp\/wp-json\/wp\/v2\/pages\/130\/revisions\/2746"}],"wp:attachment":[{"href":"http:\/\/elizabethwold.net\/ewwp\/wp-json\/wp\/v2\/media?parent=130"}],"curies":[{"name":"wp","href":"https:\/\/api.w.org\/{rel}","templated":true}]}}